{"id":30,"date":"2020-04-13T11:18:54","date_gmt":"2020-04-13T11:18:54","guid":{"rendered":"https:\/\/amitel.cl\/index.php\/home\/"},"modified":"2025-10-05T13:11:09","modified_gmt":"2025-10-05T16:11:09","slug":"home","status":"publish","type":"page","link":"https:\/\/amitel.cl\/","title":{"rendered":"Home"},"content":{"rendered":"\t\t<div data-elementor-type=\"wp-page\" data-elementor-id=\"30\" class=\"elementor elementor-30\">\n\t\t\t\t\t\t<section class=\"elementor-section elementor-top-section elementor-element elementor-element-5939a86c elementor-section-height-min-height elementor-section-boxed elementor-section-height-default elementor-section-items-middle\" data-id=\"5939a86c\" data-element_type=\"section\" data-settings=\"{&quot;background_background&quot;:&quot;classic&quot;}\">\n\t\t\t\t\t\t\t<div class=\"elementor-background-overlay\"><\/div>\n\t\t\t\t\t\t\t<div class=\"elementor-container elementor-column-gap-no\">\n\t\t\t\t\t<div class=\"elementor-column elementor-col-100 elementor-top-column elementor-element elementor-element-6f6a47a9\" data-id=\"6f6a47a9\" data-element_type=\"column\">\n\t\t\t<div class=\"elementor-widget-wrap elementor-element-populated\">\n\t\t\t\t\t\t<div class=\"elementor-element elementor-element-74d36843 elementor-widget__width-initial elementor-widget elementor-widget-heading\" data-id=\"74d36843\" data-element_type=\"widget\" data-widget_type=\"heading.default\">\n\t\t\t\t<div class=\"elementor-widget-container\">\n\t\t\t\t\t<h2 class=\"elementor-heading-title elementor-size-default\">Seuridad electr\u00f3nica y Telecomunicaciones<\/h2>\t\t\t\t<\/div>\n\t\t\t\t<\/div>\n\t\t\t\t<div class=\"elementor-element elementor-element-ffa1734 elementor-widget elementor-widget-heading\" data-id=\"ffa1734\" data-element_type=\"widget\" data-widget_type=\"heading.default\">\n\t\t\t\t<div class=\"elementor-widget-container\">\n\t\t\t\t\t<h1 class=\"elementor-heading-title elementor-size-default\">amitel SpA<\/h1>\t\t\t\t<\/div>\n\t\t\t\t<\/div>\n\t\t\t\t<div class=\"elementor-element elementor-element-1c0d792 elementor-widget elementor-widget-text-editor\" data-id=\"1c0d792\" data-element_type=\"widget\" data-widget_type=\"text-editor.default\">\n\t\t\t\t<div class=\"elementor-widget-container\">\n\t\t\t\t\t\t\t\t\t<p class=\"text-align-center\"><!--block-->Eche un vistazo a nuestra p\u00e1gina web y descubrir\u00e1 qui\u00e9nes somos, qu\u00e9 hacemos y c\u00f3mo contactarnos.<\/p>\t\t\t\t\t\t\t\t<\/div>\n\t\t\t\t<\/div>\n\t\t\t\t\t<\/div>\n\t\t<\/div>\n\t\t\t\t\t<\/div>\n\t\t<\/section>\n\t\t\t\t<section class=\"elementor-section elementor-top-section elementor-element elementor-element-7e21b87 elementor-section-boxed elementor-section-height-default elementor-section-height-default\" data-id=\"7e21b87\" data-element_type=\"section\">\n\t\t\t\t\t\t<div class=\"elementor-container elementor-column-gap-no\">\n\t\t\t\t\t<div class=\"elementor-column elementor-col-33 elementor-top-column elementor-element elementor-element-ecf0f71\" data-id=\"ecf0f71\" data-element_type=\"column\" data-settings=\"{&quot;background_background&quot;:&quot;classic&quot;}\">\n\t\t\t<div class=\"elementor-widget-wrap elementor-element-populated\">\n\t\t\t\t\t<div class=\"elementor-background-overlay\"><\/div>\n\t\t\t\t\t\t<div class=\"elementor-element elementor-element-40c051ee elementor-widget elementor-widget-heading\" data-id=\"40c051ee\" data-element_type=\"widget\" data-widget_type=\"heading.default\">\n\t\t\t\t<div class=\"elementor-widget-container\">\n\t\t\t\t\t<h2 class=\"elementor-heading-title elementor-size-default\"><a href=\"\/index.php\/services\/\">C\u00e1maras de Vigilancia - Alarmas Comunitarias<\/a><\/h2>\t\t\t\t<\/div>\n\t\t\t\t<\/div>\n\t\t\t\t\t<\/div>\n\t\t<\/div>\n\t\t\t\t<div class=\"elementor-column elementor-col-33 elementor-top-column elementor-element elementor-element-8ee04f9\" data-id=\"8ee04f9\" data-element_type=\"column\" data-settings=\"{&quot;background_background&quot;:&quot;classic&quot;}\">\n\t\t\t<div class=\"elementor-widget-wrap elementor-element-populated\">\n\t\t\t\t\t<div class=\"elementor-background-overlay\"><\/div>\n\t\t\t\t\t\t<div class=\"elementor-element elementor-element-2cb5ae60 elementor-widget elementor-widget-heading\" data-id=\"2cb5ae60\" data-element_type=\"widget\" data-widget_type=\"heading.default\">\n\t\t\t\t<div class=\"elementor-widget-container\">\n\t\t\t\t\t<h2 class=\"elementor-heading-title elementor-size-default\"><a href=\"\/index.php\/services\/\">Cableado estructurado y Fibra \u00d3ptica<\/a><\/h2>\t\t\t\t<\/div>\n\t\t\t\t<\/div>\n\t\t\t\t\t<\/div>\n\t\t<\/div>\n\t\t\t\t<div class=\"elementor-column elementor-col-33 elementor-top-column elementor-element elementor-element-aaf2547\" data-id=\"aaf2547\" data-element_type=\"column\" data-settings=\"{&quot;background_background&quot;:&quot;classic&quot;}\">\n\t\t\t<div class=\"elementor-widget-wrap elementor-element-populated\">\n\t\t\t\t\t<div class=\"elementor-background-overlay\"><\/div>\n\t\t\t\t\t\t<div class=\"elementor-element elementor-element-c2e7812 elementor-widget elementor-widget-heading\" data-id=\"c2e7812\" data-element_type=\"widget\" data-widget_type=\"heading.default\">\n\t\t\t\t<div class=\"elementor-widget-container\">\n\t\t\t\t\t<h2 class=\"elementor-heading-title elementor-size-default\"><a href=\"\/index.php\/services\/\">Electricidad en Baja Tensi\u00f3n - Energ\u00eda Renovable<\/a><\/h2>\t\t\t\t<\/div>\n\t\t\t\t<\/div>\n\t\t\t\t\t<\/div>\n\t\t<\/div>\n\t\t\t\t\t<\/div>\n\t\t<\/section>\n\t\t\t\t<section class=\"elementor-section elementor-top-section elementor-element elementor-element-34277c67 elementor-section-boxed elementor-section-height-default elementor-section-height-default\" data-id=\"34277c67\" data-element_type=\"section\">\n\t\t\t\t\t\t<div class=\"elementor-container elementor-column-gap-no\">\n\t\t\t\t\t<div class=\"elementor-column elementor-col-50 elementor-top-column elementor-element elementor-element-217497e3\" data-id=\"217497e3\" data-element_type=\"column\">\n\t\t\t<div class=\"elementor-widget-wrap elementor-element-populated\">\n\t\t\t\t\t\t<div class=\"elementor-element elementor-element-25666558 elementor-widget elementor-widget-heading\" data-id=\"25666558\" data-element_type=\"widget\" data-widget_type=\"heading.default\">\n\t\t\t\t<div class=\"elementor-widget-container\">\n\t\t\t\t\t<h2 class=\"elementor-heading-title elementor-size-default\">Trabajo en Equipo<\/h2>\t\t\t\t<\/div>\n\t\t\t\t<\/div>\n\t\t\t\t\t<\/div>\n\t\t<\/div>\n\t\t\t\t<div class=\"elementor-column elementor-col-50 elementor-top-column elementor-element elementor-element-2d17052\" data-id=\"2d17052\" data-element_type=\"column\">\n\t\t\t<div class=\"elementor-widget-wrap elementor-element-populated\">\n\t\t\t\t\t\t<div class=\"elementor-element elementor-element-77680b8d elementor-widget elementor-widget-text-editor\" data-id=\"77680b8d\" data-element_type=\"widget\" data-widget_type=\"text-editor.default\">\n\t\t\t\t<div class=\"elementor-widget-container\">\n\t\t\t\t\t\t\t\t\t<p><span style=\"vertical-align: inherit;\">Nuestra capacidad para ofrecer resultados sobresalientes va de la mano de tener la gente m\u00e1s destacadas de nuestro lado. Conozca a las personas reales detr\u00e1s de nuestra marca, descubra qu\u00e9 les motiva y por qu\u00e9 son nuestro motor.<\/span><\/p>\t\t\t\t\t\t\t\t<\/div>\n\t\t\t\t<\/div>\n\t\t\t\t\t<\/div>\n\t\t<\/div>\n\t\t\t\t\t<\/div>\n\t\t<\/section>\n\t\t\t\t<section class=\"elementor-section elementor-top-section elementor-element elementor-element-4076731b elementor-section-boxed elementor-section-height-default elementor-section-height-default\" data-id=\"4076731b\" data-element_type=\"section\" data-settings=\"{&quot;background_background&quot;:&quot;classic&quot;}\">\n\t\t\t\t\t\t\t<div class=\"elementor-background-overlay\"><\/div>\n\t\t\t\t\t\t\t<div class=\"elementor-container elementor-column-gap-no\">\n\t\t\t\t\t<div class=\"elementor-column elementor-col-100 elementor-top-column elementor-element elementor-element-7940ca75\" data-id=\"7940ca75\" data-element_type=\"column\">\n\t\t\t<div class=\"elementor-widget-wrap elementor-element-populated\">\n\t\t\t\t\t\t<div class=\"elementor-element elementor-element-8eb0793 elementor-widget elementor-widget-heading\" data-id=\"8eb0793\" data-element_type=\"widget\" data-widget_type=\"heading.default\">\n\t\t\t\t<div class=\"elementor-widget-container\">\n\t\t\t\t\t<h2 class=\"elementor-heading-title elementor-size-default\"><font style=\"vertical-align: inherit\"><font style=\"vertical-align: inherit\"><font style=\"vertical-align: inherit\"><font style=\"vertical-align: inherit\"><font style=\"vertical-align: inherit\"><font style=\"vertical-align: inherit\"><font style=\"vertical-align: inherit\"><font style=\"vertical-align: inherit\">Nuestros Valores<\/font><\/font><\/font><\/font><\/font><\/font><\/font><\/font><\/h2>\t\t\t\t<\/div>\n\t\t\t\t<\/div>\n\t\t\t\t<div class=\"elementor-element elementor-element-c7eec9d elementor-widget elementor-widget-text-editor\" data-id=\"c7eec9d\" data-element_type=\"widget\" data-widget_type=\"text-editor.default\">\n\t\t\t\t<div class=\"elementor-widget-container\">\n\t\t\t\t\t\t\t\t\t<p><span style=\"vertical-align: inherit;\"><span style=\"vertical-align: inherit;\">\u00bfPor qu\u00e9 contar con nosotros para conseguir buenos resultados? <\/span><span style=\"vertical-align: inherit;\">Porque nuestra empresa es m\u00e1s que un negocio. <\/span><span style=\"vertical-align: inherit;\">Cada persona aporta algo diferente al equipo, pero siempre siguiendo un n\u00facleo de valores que todos compartimos.<\/span><\/span><\/p>\t\t\t\t\t\t\t\t<\/div>\n\t\t\t\t<\/div>\n\t\t\t\t\t<\/div>\n\t\t<\/div>\n\t\t\t\t\t<\/div>\n\t\t<\/section>\n\t\t\t\t<section class=\"elementor-section elementor-top-section elementor-element elementor-element-448856c elementor-section-boxed elementor-section-height-default elementor-section-height-default\" data-id=\"448856c\" data-element_type=\"section\" data-settings=\"{&quot;background_background&quot;:&quot;classic&quot;}\">\n\t\t\t\t\t\t\t<div class=\"elementor-background-overlay\"><\/div>\n\t\t\t\t\t\t\t<div class=\"elementor-container elementor-column-gap-no\">\n\t\t\t\t\t<div class=\"elementor-column elementor-col-100 elementor-top-column elementor-element elementor-element-27beb18\" data-id=\"27beb18\" data-element_type=\"column\">\n\t\t\t<div class=\"elementor-widget-wrap elementor-element-populated\">\n\t\t\t\t\t\t<div class=\"elementor-element elementor-element-c31a214 elementor-widget elementor-widget-heading\" data-id=\"c31a214\" data-element_type=\"widget\" data-widget_type=\"heading.default\">\n\t\t\t\t<div class=\"elementor-widget-container\">\n\t\t\t\t\t<h2 class=\"elementor-heading-title elementor-size-default\"><font style=\"vertical-align: inherit\"><font style=\"vertical-align: inherit\"><font style=\"vertical-align: inherit\"><font style=\"vertical-align: inherit\"><font style=\"vertical-align: inherit\"><font style=\"vertical-align: inherit\">Nuestra Motivaci\u00f3n<\/font><\/font><\/font><\/font><\/font><\/font><font style=\"vertical-align: inherit\"><\/font><\/h2>\t\t\t\t<\/div>\n\t\t\t\t<\/div>\n\t\t\t\t<div class=\"elementor-element elementor-element-d673466 elementor-widget elementor-widget-text-editor\" data-id=\"d673466\" data-element_type=\"widget\" data-widget_type=\"text-editor.default\">\n\t\t\t\t<div class=\"elementor-widget-container\">\n\t\t\t\t\t\t\t\t\t<p><span style=\"vertical-align: inherit;\"><span style=\"vertical-align: inherit;\">Nuestro trabajo es nuestro objetivo y la fuerza que nos impulsa. <\/span><span style=\"vertical-align: inherit;\">Es la raz\u00f3n por la que nos levantamos todos los d\u00edas y por la que nos dedicamos a esto. <\/span><span style=\"vertical-align: inherit;\">Sin embargo, lo m\u00e1s importante es que nos alienta a conseguir cosas m\u00e1s grandes y mejores con cada nuevo desaf\u00edo que se presenta.<\/span><\/span><\/p>\t\t\t\t\t\t\t\t<\/div>\n\t\t\t\t<\/div>\n\t\t\t\t\t<\/div>\n\t\t<\/div>\n\t\t\t\t\t<\/div>\n\t\t<\/section>\n\t\t\t\t<section class=\"elementor-section elementor-top-section elementor-element elementor-element-4fa11189 elementor-section-boxed elementor-section-height-default elementor-section-height-default\" data-id=\"4fa11189\" data-element_type=\"section\" data-settings=\"{&quot;background_background&quot;:&quot;gradient&quot;}\">\n\t\t\t\t\t\t<div class=\"elementor-container elementor-column-gap-no\">\n\t\t\t\t\t<div class=\"elementor-column elementor-col-100 elementor-top-column elementor-element elementor-element-6a0cb495\" data-id=\"6a0cb495\" data-element_type=\"column\">\n\t\t\t<div class=\"elementor-widget-wrap elementor-element-populated\">\n\t\t\t\t\t\t<div class=\"elementor-element elementor-element-4d9d9662 gallery-spacing-custom elementor-widget elementor-widget-image-gallery\" data-id=\"4d9d9662\" data-element_type=\"widget\" data-settings=\"{&quot;_animation&quot;:&quot;none&quot;}\" data-widget_type=\"image-gallery.default\">\n\t\t\t\t<div class=\"elementor-widget-container\">\n\t\t\t\t\t\t\t<div class=\"elementor-image-gallery\">\n\t\t\t<div id='gallery-1' class='gallery galleryid-30 gallery-columns-3 gallery-size-medium_large'><figure class='gallery-item'>\n\t\t\t<div class='gallery-icon landscape'>\n\t\t\t\t<img fetchpriority=\"high\" decoding=\"async\" width=\"768\" height=\"576\" src=\"https:\/\/amitel.cl\/wp-content\/uploads\/2020\/09\/20200903_190923-768x576.jpg\" class=\"attachment-medium_large size-medium_large\" alt=\"\" aria-describedby=\"gallery-1-2018\" srcset=\"https:\/\/amitel.cl\/wp-content\/uploads\/2020\/09\/20200903_190923-768x576.jpg 768w, https:\/\/amitel.cl\/wp-content\/uploads\/2020\/09\/20200903_190923-300x225.jpg 300w, https:\/\/amitel.cl\/wp-content\/uploads\/2020\/09\/20200903_190923-1024x768.jpg 1024w, https:\/\/amitel.cl\/wp-content\/uploads\/2020\/09\/20200903_190923-1536x1152.jpg 1536w, https:\/\/amitel.cl\/wp-content\/uploads\/2020\/09\/20200903_190923-2048x1536.jpg 2048w, https:\/\/amitel.cl\/wp-content\/uploads\/2020\/09\/20200903_190923-600x450.jpg 600w\" sizes=\"(max-width: 768px) 100vw, 768px\" \/>\n\t\t\t<\/div>\n\t\t\t\t<figcaption class='wp-caption-text gallery-caption' id='gallery-1-2018'>\n\t\t\t\t San Felipe\n\t\t\t\t<\/figcaption><\/figure><figure class='gallery-item'>\n\t\t\t<div class='gallery-icon landscape'>\n\t\t\t\t<img decoding=\"async\" width=\"768\" height=\"576\" src=\"https:\/\/amitel.cl\/wp-content\/uploads\/2020\/09\/20200817_164203-768x576.jpg\" class=\"attachment-medium_large size-medium_large\" alt=\"\" aria-describedby=\"gallery-1-2017\" srcset=\"https:\/\/amitel.cl\/wp-content\/uploads\/2020\/09\/20200817_164203-768x576.jpg 768w, https:\/\/amitel.cl\/wp-content\/uploads\/2020\/09\/20200817_164203-300x225.jpg 300w, https:\/\/amitel.cl\/wp-content\/uploads\/2020\/09\/20200817_164203-1024x768.jpg 1024w, https:\/\/amitel.cl\/wp-content\/uploads\/2020\/09\/20200817_164203-1536x1152.jpg 1536w, https:\/\/amitel.cl\/wp-content\/uploads\/2020\/09\/20200817_164203-2048x1536.jpg 2048w, https:\/\/amitel.cl\/wp-content\/uploads\/2020\/09\/20200817_164203-600x450.jpg 600w\" sizes=\"(max-width: 768px) 100vw, 768px\" \/>\n\t\t\t<\/div>\n\t\t\t\t<figcaption class='wp-caption-text gallery-caption' id='gallery-1-2017'>\n\t\t\t\tValpara\u00edso\n\t\t\t\t<\/figcaption><\/figure><figure class='gallery-item'>\n\t\t\t<div class='gallery-icon landscape'>\n\t\t\t\t<img decoding=\"async\" width=\"768\" height=\"576\" src=\"https:\/\/amitel.cl\/wp-content\/uploads\/2020\/11\/20201022_133954-768x576.jpg\" class=\"attachment-medium_large size-medium_large\" alt=\"\" aria-describedby=\"gallery-1-2030\" srcset=\"https:\/\/amitel.cl\/wp-content\/uploads\/2020\/11\/20201022_133954-768x576.jpg 768w, https:\/\/amitel.cl\/wp-content\/uploads\/2020\/11\/20201022_133954-300x225.jpg 300w, https:\/\/amitel.cl\/wp-content\/uploads\/2020\/11\/20201022_133954-1024x768.jpg 1024w, https:\/\/amitel.cl\/wp-content\/uploads\/2020\/11\/20201022_133954-1536x1152.jpg 1536w, https:\/\/amitel.cl\/wp-content\/uploads\/2020\/11\/20201022_133954-2048x1536.jpg 2048w, https:\/\/amitel.cl\/wp-content\/uploads\/2020\/11\/20201022_133954-600x450.jpg 600w\" sizes=\"(max-width: 768px) 100vw, 768px\" \/>\n\t\t\t<\/div>\n\t\t\t\t<figcaption class='wp-caption-text gallery-caption' id='gallery-1-2030'>\n\t\t\t\tCertificaci\u00f3n UTP\n\t\t\t\t<\/figcaption><\/figure><figure class='gallery-item'>\n\t\t\t<div class='gallery-icon landscape'>\n\t\t\t\t<img loading=\"lazy\" decoding=\"async\" width=\"768\" height=\"576\" src=\"https:\/\/amitel.cl\/wp-content\/uploads\/2020\/09\/WhatsApp-Image-2020-09-11-at-17.54.08-3-768x576.jpeg\" class=\"attachment-medium_large size-medium_large\" alt=\"\" aria-describedby=\"gallery-1-2015\" srcset=\"https:\/\/amitel.cl\/wp-content\/uploads\/2020\/09\/WhatsApp-Image-2020-09-11-at-17.54.08-3-768x576.jpeg 768w, https:\/\/amitel.cl\/wp-content\/uploads\/2020\/09\/WhatsApp-Image-2020-09-11-at-17.54.08-3-300x225.jpeg 300w, https:\/\/amitel.cl\/wp-content\/uploads\/2020\/09\/WhatsApp-Image-2020-09-11-at-17.54.08-3-1024x768.jpeg 1024w, https:\/\/amitel.cl\/wp-content\/uploads\/2020\/09\/WhatsApp-Image-2020-09-11-at-17.54.08-3-600x450.jpeg 600w, https:\/\/amitel.cl\/wp-content\/uploads\/2020\/09\/WhatsApp-Image-2020-09-11-at-17.54.08-3.jpeg 1152w\" sizes=\"(max-width: 768px) 100vw, 768px\" \/>\n\t\t\t<\/div>\n\t\t\t\t<figcaption class='wp-caption-text gallery-caption' id='gallery-1-2015'>\n\t\t\t\tEl Belloto\n\t\t\t\t<\/figcaption><\/figure><figure class='gallery-item'>\n\t\t\t<div class='gallery-icon landscape'>\n\t\t\t\t<img loading=\"lazy\" decoding=\"async\" width=\"768\" height=\"576\" src=\"https:\/\/amitel.cl\/wp-content\/uploads\/2020\/09\/20200807_102050-768x576.jpg\" class=\"attachment-medium_large size-medium_large\" alt=\"\" aria-describedby=\"gallery-1-2016\" srcset=\"https:\/\/amitel.cl\/wp-content\/uploads\/2020\/09\/20200807_102050-768x576.jpg 768w, https:\/\/amitel.cl\/wp-content\/uploads\/2020\/09\/20200807_102050-300x225.jpg 300w, https:\/\/amitel.cl\/wp-content\/uploads\/2020\/09\/20200807_102050-1024x768.jpg 1024w, https:\/\/amitel.cl\/wp-content\/uploads\/2020\/09\/20200807_102050-1536x1152.jpg 1536w, https:\/\/amitel.cl\/wp-content\/uploads\/2020\/09\/20200807_102050-2048x1536.jpg 2048w, https:\/\/amitel.cl\/wp-content\/uploads\/2020\/09\/20200807_102050-600x450.jpg 600w\" sizes=\"(max-width: 768px) 100vw, 768px\" \/>\n\t\t\t<\/div>\n\t\t\t\t<figcaption class='wp-caption-text gallery-caption' id='gallery-1-2016'>\n\t\t\t\tCon Con\n\t\t\t\t<\/figcaption><\/figure><figure class='gallery-item'>\n\t\t\t<div class='gallery-icon landscape'>\n\t\t\t\t<img loading=\"lazy\" decoding=\"async\" width=\"768\" height=\"576\" src=\"https:\/\/amitel.cl\/wp-content\/uploads\/2020\/11\/20201022_154139-768x576.jpg\" class=\"attachment-medium_large size-medium_large\" alt=\"\" aria-describedby=\"gallery-1-2033\" srcset=\"https:\/\/amitel.cl\/wp-content\/uploads\/2020\/11\/20201022_154139-768x576.jpg 768w, https:\/\/amitel.cl\/wp-content\/uploads\/2020\/11\/20201022_154139-300x225.jpg 300w, https:\/\/amitel.cl\/wp-content\/uploads\/2020\/11\/20201022_154139-1024x768.jpg 1024w, https:\/\/amitel.cl\/wp-content\/uploads\/2020\/11\/20201022_154139-1536x1152.jpg 1536w, https:\/\/amitel.cl\/wp-content\/uploads\/2020\/11\/20201022_154139-2048x1536.jpg 2048w, https:\/\/amitel.cl\/wp-content\/uploads\/2020\/11\/20201022_154139-600x450.jpg 600w\" sizes=\"(max-width: 768px) 100vw, 768px\" \/>\n\t\t\t<\/div>\n\t\t\t\t<figcaption class='wp-caption-text gallery-caption' id='gallery-1-2033'>\n\t\t\t\tCertificaci\u00f3n Fibra \u00d3ptica\n\t\t\t\t<\/figcaption><\/figure><figure class='gallery-item'>\n\t\t\t<div class='gallery-icon landscape'>\n\t\t\t\t<img loading=\"lazy\" decoding=\"async\" width=\"768\" height=\"576\" src=\"https:\/\/amitel.cl\/wp-content\/uploads\/2020\/09\/20200604_110557-768x576.jpg\" class=\"attachment-medium_large size-medium_large\" alt=\"\" aria-describedby=\"gallery-1-1955\" srcset=\"https:\/\/amitel.cl\/wp-content\/uploads\/2020\/09\/20200604_110557-768x576.jpg 768w, https:\/\/amitel.cl\/wp-content\/uploads\/2020\/09\/20200604_110557-300x225.jpg 300w, https:\/\/amitel.cl\/wp-content\/uploads\/2020\/09\/20200604_110557-1024x768.jpg 1024w, https:\/\/amitel.cl\/wp-content\/uploads\/2020\/09\/20200604_110557-1536x1152.jpg 1536w, https:\/\/amitel.cl\/wp-content\/uploads\/2020\/09\/20200604_110557-2048x1536.jpg 2048w, https:\/\/amitel.cl\/wp-content\/uploads\/2020\/09\/20200604_110557-600x450.jpg 600w\" sizes=\"(max-width: 768px) 100vw, 768px\" \/>\n\t\t\t<\/div>\n\t\t\t\t<figcaption class='wp-caption-text gallery-caption' id='gallery-1-1955'>\n\t\t\t\tCasablanca\n\t\t\t\t<\/figcaption><\/figure>\n\t\t<\/div>\n\t\t<\/div>\n\t\t\t\t\t\t<\/div>\n\t\t\t\t<\/div>\n\t\t\t\t\t<\/div>\n\t\t<\/div>\n\t\t\t\t\t<\/div>\n\t\t<\/section>\n\t\t\t\t<\/div>\n\t\t","protected":false},"excerpt":{"rendered":"<p>Seuridad electr\u00f3nica y Telecomunicaciones amitel SpA Eche un vistazo a nuestra p\u00e1gina web y descubrir\u00e1 qui\u00e9nes somos, qu\u00e9 hacemos y c\u00f3mo contactarnos. C\u00e1maras de Vigilancia &#8211; Alarmas Comunitarias Cableado estructurado y Fibra \u00d3ptica Electricidad en Baja Tensi\u00f3n &#8211; Energ\u00eda Renovable Trabajo en Equipo Nuestra capacidad para ofrecer resultados sobresalientes va de la mano de tener &hellip;<\/p>\n<p class=\"read-more\"> <a class=\"\" href=\"https:\/\/amitel.cl\/\"> <span class=\"screen-reader-text\">Home<\/span> Read More &raquo;<\/a><\/p>\n","protected":false},"author":1,"featured_media":0,"parent":0,"menu_order":0,"comment_status":"closed","ping_status":"closed","template":"","meta":{"site-sidebar-layout":"no-sidebar","site-content-layout":"page-builder","ast-global-header-display":"","ast-main-header-display":"","ast-hfb-above-header-display":"","ast-hfb-below-header-display":"","ast-hfb-mobile-header-display":"","site-post-title":"disabled","ast-breadcrumbs-content":"","ast-featured-img":"","footer-sml-layout":"","theme-transparent-header-meta":"enabled","adv-header-id-meta":"","stick-header-meta":"","header-above-stick-meta":"","header-main-stick-meta":"","header-below-stick-meta":"","footnotes":""},"class_list":["post-30","page","type-page","status-publish","hentry"],"_links":{"self":[{"href":"https:\/\/amitel.cl\/index.php\/wp-json\/wp\/v2\/pages\/30","targetHints":{"allow":["GET"]}}],"collection":[{"href":"https:\/\/amitel.cl\/index.php\/wp-json\/wp\/v2\/pages"}],"about":[{"href":"https:\/\/amitel.cl\/index.php\/wp-json\/wp\/v2\/types\/page"}],"author":[{"embeddable":true,"href":"https:\/\/amitel.cl\/index.php\/wp-json\/wp\/v2\/users\/1"}],"replies":[{"embeddable":true,"href":"https:\/\/amitel.cl\/index.php\/wp-json\/wp\/v2\/comments?post=30"}],"version-history":[{"count":43,"href":"https:\/\/amitel.cl\/index.php\/wp-json\/wp\/v2\/pages\/30\/revisions"}],"predecessor-version":[{"id":2115,"href":"https:\/\/amitel.cl\/index.php\/wp-json\/wp\/v2\/pages\/30\/revisions\/2115"}],"wp:attachment":[{"href":"https:\/\/amitel.cl\/index.php\/wp-json\/wp\/v2\/media?parent=30"}],"curies":[{"name":"wp","href":"https:\/\/api.w.org\/{rel}","templated":true}]}}